{"id":15590,"date":"2022-02-28T16:37:36","date_gmt":"2022-02-28T16:37:36","guid":{"rendered":"https:\/\/www.globaltendas.com\/sobre-nos\/"},"modified":"2024-02-22T11:31:25","modified_gmt":"2024-02-22T11:31:25","slug":"acerca-de-nosotros","status":"publish","type":"page","link":"https:\/\/globaltendas.com\/es\/acerca-de-nosotros\/","title":{"rendered":"Acerca de Nosotros"},"content":{"rendered":"<p>[vc_row content_width=\u00bbgrid\u00bb css_animation=\u00bbedgtf-element-from-left\u00bb][vc_column el_class=\u00bbabout-margins\u00bb][vc_column_text]<\/p>\n<h2 style=\"text-align: center;\">Apasionados por eventos desde hace m\u00e1s de 30 a\u00f1os<\/h2>\n<h3 style=\"display: none; text-align: center;\">Personas. Eventos. Materializaci\u00f3n. Estos son los pilares de nuestro compromiso en cada proyecto. Somos EL socio para particulares y grandes marcas, ofreciendo opciones de carpas para bodas, eventos privados, eventos corporativos y fiestas, activaciones corporativas, conciertos y mucho m\u00e1s.<\/h3>\n<p>[\/vc_column_text]<div class=\"edgtf-separator-holder clearfix  edgtf-separator-center\">\n\t<div class=\"edgtf-separator\" style=\"border-color: #00fe38;margin-top: 15px;margin-bottom: 29px\"><\/div>\n<\/div>\n[\/vc_column][\/vc_row][vc_row css=\u00bb.vc_custom_1655906594678{margin-top: 50px !important;margin-bottom: 50px !important;}\u00bb][vc_column width=\u00bb5\/12&#8243; css=\u00bb.vc_custom_1655893676776{padding-right: 0px !important;padding-left: 0px !important;}\u00bb][vc_single_image image=\u00bb9079&#8243; img_size=\u00bbfull\u00bb el_class=\u00bbimagem-sobrenos\u00bb][\/vc_column][vc_column width=\u00bb7\/12&#8243; css=\u00bb.vc_custom_1655894760349{background-color: #f7f7f7 !important;}\u00bb][vc_column_text el_class=\u00bbtext-intro\u00bb]<strong>Personas. Eventos. Materializaci\u00f3n.<\/strong><\/p>\n<p>Estos son los pilares de nuestro compromiso en cada proyecto. Somos EL socio para particulares y grandes marcas, ofreciendo opciones de carpas para bodas, eventos privados, eventos corporativos y fiestas, activaciones corporativas, conciertos y mucho m\u00e1s.<\/p>\n<p>Con un equipo de profesionales dedicados a la construcci\u00f3n y montaje de<br \/>\ncarpas, ofrecemos las mejores soluciones para aprovechar al m\u00e1ximo su espacio. Con presencia global en el mercado, nuestra amplia experiencia en el dise\u00f1o, fabricaci\u00f3n e instalaci\u00f3n de estructuras temporales como carpas, escenarios y plataformas nos coloca en la vanguardia cuando se trata de infraestructuras m\u00f3viles.<\/p>\n<p>Cada proyecto que emprendemos es el resultado de una colaboraci\u00f3n creativa entre cada cliente y GlobalTendas, una relaci\u00f3n que nos esforzamos por mantener lo m\u00e1s cercana posible a lo largo de todo el proceso, desde la primera reuni\u00f3n hasta la finalizaci\u00f3n del proyecto.<\/p>\n<p>Con m\u00e1s de 30 a\u00f1os en el mercado, nuestro objetivo es materializar experiencias para todo tipo de eventos, desde soluciones corporativas hasta soluciones privadas, y adaptar nuestros servicios a la realidad y objetivos de nuestros clientes a trav\u00e9s de nuestro equipo vers\u00e1til.<\/p>\n<p><strong>La pr\u00f3xima vez que necesite un evento, piense en Global.<\/strong><\/p>\n<p><em><strong>GlobalTendas<\/strong><\/em>[\/vc_column_text]<a href=\"https:\/\/globaltendas.com\/contactos\/\" target=\"_blank\" style=\"color: #404041;background-color: #00fe38;font-weight: 700\" class=\"edgtf-btn edgtf-btn-large edgtf-btn-solid edgtf-btn-bckg-hover btn-intro\"  >\n\t\t\t<span class=\"edgtf-btn-text\">PE\u00c7A UM OR\u00c7AMENTO<\/span>\n\t    <\/a>[\/vc_column][\/vc_row][vc_row disable_element=\u00bbyes\u00bb el_id=\u00bbhelper-spacer-about-us\u00bb][vc_column][\/vc_column][\/vc_row][vc_row content_width=\u00bbgrid\u00bb][vc_column][vc_empty_space height=\u00bb50px\u00bb][vc_column_text css_animation=\u00bbleft-to-right\u00bb]<\/p>\n<h3 style=\"text-align: left;\"><strong>Ofrecemos el servicio completo<\/strong><\/h3>\n<p>[\/vc_column_text][\/vc_column][\/vc_row][vc_row content_width=\u00bbgrid\u00bb content_aligment=\u00bbcenter\u00bb css=\u00bb.vc_custom_1657113708958{margin-top: 80px !important;margin-bottom: 60px !important;}\u00bb el_id=\u00bbfeatures\u00bb][vc_column css_animation=\u00bbright-to-left\u00bb width=\u00bb1\/4&#8243; el_class=\u00bbxs-col-mb-4&#8243; offset=\u00bbvc_col-lg-3 vc_col-md-6 vc_col-xs-12&#8243;][vc_column_text]<\/p>\n<h4 style=\"text-align: left;\">Dise\u00f1o<\/h4>\n<p>[\/vc_column_text]<div class=\"edgtf-separator-holder clearfix  edgtf-separator-left\">\n\t<div class=\"edgtf-separator\" style=\"border-color: #00fe38\"><\/div>\n<\/div>\n[vc_column_text]<\/p>\n<p style=\"text-align: left;\">Al confiarnos su proyecto, tendr\u00e1 acceso a profesionales experimentados en el dise\u00f1o de carpas y estructuras de apoyo. Con la ayuda de estos profesionales, obtendr\u00e1 un proyecto dise\u00f1ado a medida.<\/p>\n<p>[\/vc_column_text][\/vc_column][vc_column css_animation=\u00bbright-to-left\u00bb width=\u00bb1\/4&#8243; el_class=\u00bbxs-col-mb-4&#8243; offset=\u00bbvc_col-lg-3 vc_col-md-6 vc_col-xs-12&#8243;][vc_column_text]<\/p>\n<h4 style=\"text-align: left;\">Producci\u00f3n<\/h4>\n<p>[\/vc_column_text]<div class=\"edgtf-separator-holder clearfix  edgtf-separator-left\">\n\t<div class=\"edgtf-separator\" style=\"border-color: #00fe38\"><\/div>\n<\/div>\n[vc_column_text]<\/p>\n<p style=\"text-align: left;\">Nuestros almacenes tienen una gran capacidad de almacenamiento. A pesar de contar con un amplio stock, necesitamos producir nuevas carpas para la venta y para renovar nuestro inventario.<\/p>\n<p>[\/vc_column_text][\/vc_column][vc_column css_animation=\u00bbright-to-left\u00bb width=\u00bb1\/4&#8243; el_class=\u00bbxs-col-mb-4&#8243; offset=\u00bbvc_col-lg-3 vc_col-md-6 vc_col-xs-12&#8243;][vc_column_text]<\/p>\n<h4 style=\"text-align: left;\">Impresi\u00f3n Digital de Gran Formato<\/h4>\n<p>[\/vc_column_text]<div class=\"edgtf-separator-holder clearfix  edgtf-separator-left\">\n\t<div class=\"edgtf-separator\" style=\"border-color: #00fe38\"><\/div>\n<\/div>\n[vc_column_text]<\/p>\n<p style=\"text-align: left;\">Producci\u00f3n de publicidad en peque\u00f1o o gran formato para todo tipo de eventos, en vinilo cortado o impresi\u00f3n digital directa, colocaci\u00f3n de logotipos, slogans, firmas, im\u00e1genes institucionales, fotograf\u00edas, entre otros.<\/p>\n<p>[\/vc_column_text][\/vc_column][vc_column css_animation=\u00bbright-to-left\u00bb width=\u00bb1\/4&#8243; el_class=\u00bbxs-col-mb-4&#8243; offset=\u00bbvc_col-lg-3 vc_col-md-6 vc_col-xs-12&#8243;][vc_column_text]<\/p>\n<h4 style=\"text-align: left;\">Muebles y Accesorios<\/h4>\n<p>[\/vc_column_text]<div class=\"edgtf-separator-holder clearfix  edgtf-separator-left\">\n\t<div class=\"edgtf-separator\" style=\"border-color: #00fe38\"><\/div>\n<\/div>\n[vc_column_text]<\/p>\n<p style=\"text-align: left;\">Contamos con una amplia selecci\u00f3n de mobiliario, equipos y accesorios para eventos, desde sillas, mesas, vitrinas, mostradores, hasta audiovisuales y aire acondicionado.<\/p>\n<p>[\/vc_column_text][\/vc_column][\/vc_row][vc_row content_width=\u00bbgrid\u00bb content_aligment=\u00bbcenter\u00bb css=\u00bb.vc_custom_1657113708958{margin-top: 80px !important;margin-bottom: 60px !important;}\u00bb][vc_column width=\u00bb1\/4&#8243;][\/vc_column][vc_column css_animation=\u00bbright-to-left\u00bb width=\u00bb1\/4&#8243; el_class=\u00bbxs-col-mb-4&#8243; offset=\u00bbvc_col-lg-3 vc_col-md-6 vc_col-xs-12&#8243;][vc_column_text]<\/p>\n<h4 style=\"text-align: left;\">Transporte, Montaje y Desmontaje<\/h4>\n<p>[\/vc_column_text]<div class=\"edgtf-separator-holder clearfix  edgtf-separator-left\">\n\t<div class=\"edgtf-separator\" style=\"border-color: #00fe38\"><\/div>\n<\/div>\n[vc_column_text]<\/p>\n<p style=\"text-align: left;\">Con una amplia flota de camiones y otros veh\u00edculos, GlobalTendas transporta los materiales al lugar del evento y realiza el montaje y desmontaje de las estructuras en fechas acordadas.<\/p>\n<p>[\/vc_column_text][\/vc_column][vc_column css_animation=\u00bbright-to-left\u00bb width=\u00bb1\/4&#8243; el_class=\u00bbxs-col-mb-4&#8243; offset=\u00bbvc_col-lg-3 vc_col-md-6 vc_col-xs-12&#8243;][vc_column_text]<\/p>\n<h4 style=\"text-align: left;\">Acompa\u00f1amiento T\u00e9cnico Especializado<\/h4>\n<p>[\/vc_column_text]<div class=\"edgtf-separator-holder clearfix  edgtf-separator-left\">\n\t<div class=\"edgtf-separator\" style=\"border-color: #00fe38\"><\/div>\n<\/div>\n[vc_column_text]<\/p>\n<p style=\"text-align: left;\">A lo largo de todo el proceso, ya sea alquilando o adquiriendo una carpa para un evento, tendr\u00e1 acceso a un seguimiento personalizado por parte de nuestros comerciales y t\u00e9cnicos experimentados.<\/p>\n<p>[\/vc_column_text][\/vc_column][vc_column width=\u00bb1\/4&#8243;][\/vc_column][\/vc_row][vc_row][vc_column][vc_raw_html]JTVCYWNmLW1hbnNvbnJ5JTVE[\/vc_raw_html][\/vc_column][\/vc_row][vc_row disable_element=\u00bbyes\u00bb content_width=\u00bbgrid\u00bb css=\u00bb.vc_custom_1653320151250{padding-top: 124px !important;padding-bottom: 140px !important;}\u00bb][vc_column][vc_empty_space height=\u00bb91px\u00bb]<div class=\"edgtf-image-gallery-masonry edgtf-gallery-with-space\">\n\t<div class=\"edgtf-image-masonry-grid-sizer\"><\/div>\n\t\t\t<div class=\"edgtf-gallery-image edgtf-size-landscape\">\n\t\t\t<div class=\"edgtf-gallery-image-inner\">\n\t\t\t\t\t\t\t\t\t<a class=\"edgtf-ig-link\" href=\"#\" target=\"_blank\">\n\t\t\t\t\t\t<div class=\"edgtf-ig-overlay\">\n\t\t\t\t\t\t\t\t\t\t\t\t\t\t\t<div class=\"edgtf-ig-overlay-table\">\n\t\t\t\t\t\t\t\t\t<div class=\"edgtf-ig-overlay-table-cell\">\n\t\t\t\t\t\t\t\t\t\t<h3 class=\"edgtf-ig-overlay-title\">Armaz\u00e9m tendas GlobalTendas<\/h3>\n\t\t\t\t\t\t\t\t\t<\/div>\n\t\t\t\t\t\t\t\t<\/div>\n\t\t\t\t\t\t\t\t\t\t\t\t\t<\/div>\n\t\t\t\t\t\t\t\t\t<div class=\"edgtf-ig-image-holder\">\n\t\t\t\t\t\t<img loading=\"lazy\" decoding=\"async\" width=\"1001\" height=\"550\" src=\"https:\/\/globaltendas.com\/wp-content\/uploads\/2022\/03\/Armazem-tendas-globaltendas-6-1001x550.jpg\" class=\"attachment-vangard_edge_large_width size-vangard_edge_large_width\" alt=\"Armaz\u00e9m tendas GlobalTendas\" \/>\t\t\t\t\t<\/div>\n\t\t\t\t\t\t\t\t\t<\/a>\n\t\t\t\t\t\t\t<\/div>\n\t\t<\/div>\n\t\t\t<div class=\"edgtf-gallery-image edgtf-size-landscape\">\n\t\t\t<div class=\"edgtf-gallery-image-inner\">\n\t\t\t\t\t\t\t\t\t<a class=\"edgtf-ig-link\" href=\"#\" target=\"_blank\">\n\t\t\t\t\t\t<div class=\"edgtf-ig-overlay\">\n\t\t\t\t\t\t\t\t\t\t\t\t\t\t\t<div class=\"edgtf-ig-overlay-table\">\n\t\t\t\t\t\t\t\t\t<div class=\"edgtf-ig-overlay-table-cell\">\n\t\t\t\t\t\t\t\t\t\t<h3 class=\"edgtf-ig-overlay-title\">Instala\u00e7\u00f5es GlobalTendas<\/h3>\n\t\t\t\t\t\t\t\t\t<\/div>\n\t\t\t\t\t\t\t\t<\/div>\n\t\t\t\t\t\t\t\t\t\t\t\t\t<\/div>\n\t\t\t\t\t\t\t\t\t<div class=\"edgtf-ig-image-holder\">\n\t\t\t\t\t\t<img loading=\"lazy\" decoding=\"async\" width=\"656\" height=\"550\" src=\"https:\/\/globaltendas.com\/wp-content\/uploads\/2022\/03\/Armazem-tendas-globaltendas-5-e1647953632269-656x550.jpg\" class=\"attachment-vangard_edge_large_width size-vangard_edge_large_width\" alt=\"Instala\u00e7\u00f5es GlobalTendas\" \/>\t\t\t\t\t<\/div>\n\t\t\t\t\t\t\t\t\t<\/a>\n\t\t\t\t\t\t\t<\/div>\n\t\t<\/div>\n\t\t\t<div class=\"edgtf-gallery-image edgtf-size-landscape\">\n\t\t\t<div class=\"edgtf-gallery-image-inner\">\n\t\t\t\t\t\t\t\t\t<a class=\"edgtf-ig-link\" href=\"#\" target=\"_blank\">\n\t\t\t\t\t\t<div class=\"edgtf-ig-overlay\">\n\t\t\t\t\t\t\t\t\t\t\t\t\t\t\t<div class=\"edgtf-ig-overlay-table\">\n\t\t\t\t\t\t\t\t\t<div class=\"edgtf-ig-overlay-table-cell\">\n\t\t\t\t\t\t\t\t\t\t<h3 class=\"edgtf-ig-overlay-title\">Armaz\u00e9m tendas GlobalTendas<\/h3>\n\t\t\t\t\t\t\t\t\t<\/div>\n\t\t\t\t\t\t\t\t<\/div>\n\t\t\t\t\t\t\t\t\t\t\t\t\t<\/div>\n\t\t\t\t\t\t\t\t\t<div class=\"edgtf-ig-image-holder\">\n\t\t\t\t\t\t<img loading=\"lazy\" decoding=\"async\" width=\"1001\" height=\"550\" src=\"https:\/\/globaltendas.com\/wp-content\/uploads\/2022\/03\/Armazem-tendas-globaltendas-8-1001x550.jpg\" class=\"attachment-vangard_edge_large_width size-vangard_edge_large_width\" alt=\"Armaz\u00e9m tendas GlobalTendas\" \/>\t\t\t\t\t<\/div>\n\t\t\t\t\t\t\t\t\t<\/a>\n\t\t\t\t\t\t\t<\/div>\n\t\t<\/div>\n\t\t\t<div class=\"edgtf-gallery-image edgtf-size-landscape\">\n\t\t\t<div class=\"edgtf-gallery-image-inner\">\n\t\t\t\t\t\t\t\t\t<a class=\"edgtf-ig-link\" href=\"#\" target=\"_blank\">\n\t\t\t\t\t\t<div class=\"edgtf-ig-overlay\">\n\t\t\t\t\t\t\t\t\t\t\t\t\t\t\t<div class=\"edgtf-ig-overlay-table\">\n\t\t\t\t\t\t\t\t\t<div class=\"edgtf-ig-overlay-table-cell\">\n\t\t\t\t\t\t\t\t\t\t<h3 class=\"edgtf-ig-overlay-title\">Armaz\u00e9m tendas GlobalTendas<\/h3>\n\t\t\t\t\t\t\t\t\t<\/div>\n\t\t\t\t\t\t\t\t<\/div>\n\t\t\t\t\t\t\t\t\t\t\t\t\t<\/div>\n\t\t\t\t\t\t\t\t\t<div class=\"edgtf-ig-image-holder\">\n\t\t\t\t\t\t<img loading=\"lazy\" decoding=\"async\" width=\"1001\" height=\"550\" src=\"https:\/\/globaltendas.com\/wp-content\/uploads\/2022\/03\/Armazem-tendas-globaltendas-7-1001x550.jpg\" class=\"attachment-vangard_edge_large_width size-vangard_edge_large_width\" alt=\"Armaz\u00e9m tendas GlobalTendas\" \/>\t\t\t\t\t<\/div>\n\t\t\t\t\t\t\t\t\t<\/a>\n\t\t\t\t\t\t\t<\/div>\n\t\t<\/div>\n\t\t\t<div class=\"edgtf-gallery-image edgtf-size-landscape\">\n\t\t\t<div class=\"edgtf-gallery-image-inner\">\n\t\t\t\t\t\t\t\t\t<a class=\"edgtf-ig-link\" href=\"#\" target=\"_blank\">\n\t\t\t\t\t\t<div class=\"edgtf-ig-overlay\">\n\t\t\t\t\t\t\t\t\t\t\t\t\t\t\t<div class=\"edgtf-ig-overlay-table\">\n\t\t\t\t\t\t\t\t\t<div class=\"edgtf-ig-overlay-table-cell\">\n\t\t\t\t\t\t\t\t\t\t<h3 class=\"edgtf-ig-overlay-title\">Instala\u00e7\u00f5es GlobalTendas<\/h3>\n\t\t\t\t\t\t\t\t\t<\/div>\n\t\t\t\t\t\t\t\t<\/div>\n\t\t\t\t\t\t\t\t\t\t\t\t\t<\/div>\n\t\t\t\t\t\t\t\t\t<div class=\"edgtf-ig-image-holder\">\n\t\t\t\t\t\t<img loading=\"lazy\" decoding=\"async\" width=\"1001\" height=\"550\" src=\"https:\/\/globaltendas.com\/wp-content\/uploads\/2022\/03\/Armazem-tendas-globaltendas-3-1001x550.jpg\" class=\"attachment-vangard_edge_large_width size-vangard_edge_large_width\" alt=\"Instala\u00e7\u00f5es GlobalTendas\" \/>\t\t\t\t\t<\/div>\n\t\t\t\t\t\t\t\t\t<\/a>\n\t\t\t\t\t\t\t<\/div>\n\t\t<\/div>\n\t\t\t<div class=\"edgtf-gallery-image edgtf-size-landscape\">\n\t\t\t<div class=\"edgtf-gallery-image-inner\">\n\t\t\t\t\t\t\t\t\t<a class=\"edgtf-ig-link\" href=\"#\" target=\"_blank\">\n\t\t\t\t\t\t<div class=\"edgtf-ig-overlay\">\n\t\t\t\t\t\t\t\t\t\t\t\t\t\t\t<div class=\"edgtf-ig-overlay-table\">\n\t\t\t\t\t\t\t\t\t<div class=\"edgtf-ig-overlay-table-cell\">\n\t\t\t\t\t\t\t\t\t\t<h3 class=\"edgtf-ig-overlay-title\">Armaz\u00e9m tendas GlobalTendas<\/h3>\n\t\t\t\t\t\t\t\t\t<\/div>\n\t\t\t\t\t\t\t\t<\/div>\n\t\t\t\t\t\t\t\t\t\t\t\t\t<\/div>\n\t\t\t\t\t\t\t\t\t<div class=\"edgtf-ig-image-holder\">\n\t\t\t\t\t\t<img loading=\"lazy\" decoding=\"async\" width=\"1001\" height=\"550\" src=\"https:\/\/globaltendas.com\/wp-content\/uploads\/2022\/03\/Armazem-tendas-globaltendas-9-1001x550.jpg\" class=\"attachment-vangard_edge_large_width size-vangard_edge_large_width\" alt=\"Armaz\u00e9m tendas GlobalTendas\" \/>\t\t\t\t\t<\/div>\n\t\t\t\t\t\t\t\t\t<\/a>\n\t\t\t\t\t\t\t<\/div>\n\t\t<\/div>\n\t<\/div>[\/vc_column][\/vc_row]<\/p>\n","protected":false},"excerpt":{"rendered":"<p>[vc_row content_width=\u00bbgrid\u00bb css_animation=\u00bbedgtf-element-from-left\u00bb][vc_column el_class=\u00bbabout-margins\u00bb][vc_column_text] Apasionados por eventos desde hace m\u00e1s de 30 a\u00f1os Personas. Eventos. Materializaci\u00f3n. Estos son los pilares de nuestro compromiso en cada proyecto. Somos EL socio para particulares y grandes marcas, ofreciendo opciones de carpas para bodas, eventos privados, eventos corporativos y&#8230;<\/p>\n","protected":false},"author":1,"featured_media":0,"parent":0,"menu_order":0,"comment_status":"closed","ping_status":"closed","template":"full-width.php","meta":{"inline_featured_image":false,"_joinchat":[],"footnotes":""},"class_list":["post-15590","page","type-page","status-publish","hentry"],"acf":[],"_links":{"self":[{"href":"https:\/\/globaltendas.com\/es\/wp-json\/wp\/v2\/pages\/15590","targetHints":{"allow":["GET"]}}],"collection":[{"href":"https:\/\/globaltendas.com\/es\/wp-json\/wp\/v2\/pages"}],"about":[{"href":"https:\/\/globaltendas.com\/es\/wp-json\/wp\/v2\/types\/page"}],"author":[{"embeddable":true,"href":"https:\/\/globaltendas.com\/es\/wp-json\/wp\/v2\/users\/1"}],"replies":[{"embeddable":true,"href":"https:\/\/globaltendas.com\/es\/wp-json\/wp\/v2\/comments?post=15590"}],"version-history":[{"count":9,"href":"https:\/\/globaltendas.com\/es\/wp-json\/wp\/v2\/pages\/15590\/revisions"}],"predecessor-version":[{"id":19489,"href":"https:\/\/globaltendas.com\/es\/wp-json\/wp\/v2\/pages\/15590\/revisions\/19489"}],"wp:attachment":[{"href":"https:\/\/globaltendas.com\/es\/wp-json\/wp\/v2\/media?parent=15590"}],"curies":[{"name":"wp","href":"https:\/\/api.w.org\/{rel}","templated":true}]}}