{"id":15522,"date":"2023-06-26T13:15:49","date_gmt":"2023-06-26T13:15:49","guid":{"rendered":"https:\/\/www.globaltendas.com\/recrutamento\/"},"modified":"2023-09-26T08:56:34","modified_gmt":"2023-09-26T08:56:34","slug":"contratacion","status":"publish","type":"page","link":"https:\/\/globaltendas.com\/es\/contratacion\/","title":{"rendered":"Contrataci\u00f3n"},"content":{"rendered":"<p>[vc_row content_width=\u00bbgrid\u00bb css=\u00bb.vc_custom_1646230015988{margin-top: 120px !important;margin-bottom: 120px !important;}\u00bb][vc_column offset=\u00bbvc_col-xs-12&#8243;][vc_column_text]<\/p>\n<h2 class=\"title-contact\">\u00danase a nuestro equipo y ay\u00fadenos a hacer realidad los sue\u00f1os.<\/h2>\n<p>[\/vc_column_text][vc_empty_space][vc_column_text]En GlobalTendas, buscamos talentos excepcionales que quieran formar parte de una empresa l\u00edder en el sector de eventos y estructuras temporales. Si es apasionado por el trabajo en equipo, le gustan los desaf\u00edos y est\u00e1 listo para crecer profesionalmente, esta es su oportunidad.[\/vc_column_text][vc_empty_space][\/vc_column][\/vc_row][vc_row content_width=\u00bbgrid\u00bb css=\u00bb.vc_custom_1687872934948{margin-bottom: 40px !important;}\u00bb][vc_column width=\u00bb1\/2&#8243; offset=\u00bbvc_col-xs-12&#8243;][vc_column_text]<\/p>\n<h3><strong>Lo que ofrecemos<\/strong><\/h3>\n<ul>\n<li>Un entorno de trabajo colaborativo y din\u00e1mico donde valoramos sus ideas.<\/li>\n<li>Oportunidades de aprendizaje continuo y desarrollo profesional.<\/li>\n<li>Desaf\u00edos estimulantes que fomentan su crecimiento personal y profesional.<\/li>\n<li>La posibilidad de trabajar en proyectos emocionantes y a gran escala.<\/li>\n<\/ul>\n<p>[\/vc_column_text][vc_empty_space]<div class=\"edgtf-separator-holder clearfix  edgtf-separator-left\">\n\t<div class=\"edgtf-separator\" style=\"border-color: #00fe38;margin-top: 15px;margin-bottom: 29px\"><\/div>\n<\/div>\n[vc_empty_space][vc_column_text]<\/p>\n<h3><strong>Lo que buscamos<\/strong><\/h3>\n<p>Estamos buscando individuos talentosos que compartan nuestra pasi\u00f3n por los eventos y quieran marcar la diferencia. Si es proactivo, resiliente y tiene habilidades excepcionales en su \u00e1rea de experiencia, queremos conocerlo. Valoramos la creatividad, el profesionalismo y la capacidad de trabajar en equipo para lograr resultados extraordinarios.[\/vc_column_text][vc_empty_space][\/vc_column][vc_column width=\u00bb1\/2&#8243; offset=\u00bbvc_col-xs-12&#8243;][vc_column_text]<\/p>\n<h3 class=\"title-contact\">Env\u00ede su solicitud<\/h3>\n<p>[\/vc_column_text]<div class=\"edgtf-separator-holder clearfix  edgtf-separator-left\">\n\t<div class=\"edgtf-separator\" style=\"border-color: #00fe38;margin-top: 15px;margin-bottom: 29px\"><\/div>\n<\/div>\n[vc_empty_space height=\u00bb15px\u00bb]\n<div class=\"wpcf7 no-js\" id=\"wpcf7-f15528-o1\" lang=\"pt-PT\" dir=\"ltr\" data-wpcf7-id=\"15528\">\n<div class=\"screen-reader-response\"><p role=\"status\" aria-live=\"polite\" aria-atomic=\"true\"><\/p> <ul><\/ul><\/div>\n<form action=\"\/es\/wp-json\/wp\/v2\/pages\/15522#wpcf7-f15528-o1\" method=\"post\" class=\"wpcf7-form init\" aria-label=\"Formul\u00e1rio de contacto\" enctype=\"multipart\/form-data\" novalidate=\"novalidate\" data-status=\"init\">\n<fieldset class=\"hidden-fields-container\"><input type=\"hidden\" name=\"_wpcf7\" value=\"15528\" \/><input type=\"hidden\" name=\"_wpcf7_version\" value=\"6.1.4\" \/><input type=\"hidden\" name=\"_wpcf7_locale\" value=\"pt_PT\" \/><input type=\"hidden\" name=\"_wpcf7_unit_tag\" value=\"wpcf7-f15528-o1\" \/><input type=\"hidden\" name=\"_wpcf7_container_post\" value=\"0\" \/><input type=\"hidden\" name=\"_wpcf7_posted_data_hash\" value=\"\" \/>\n<\/fieldset>\n<p><span class=\"wpcf7-form-control-wrap\" data-name=\"your-name\"><input size=\"40\" maxlength=\"400\" class=\"wpcf7-form-control wpcf7-text wpcf7-validates-as-required form-control\" aria-required=\"true\" aria-invalid=\"false\" placeholder=\"Nombre\" value=\"\" type=\"text\" name=\"your-name\" \/><\/span>\n<\/p>\n<p><span class=\"wpcf7-form-control-wrap\" data-name=\"your-email\"><input size=\"40\" maxlength=\"400\" class=\"wpcf7-form-control wpcf7-email wpcf7-validates-as-required wpcf7-text wpcf7-validates-as-email form-control\" aria-required=\"true\" aria-invalid=\"false\" placeholder=\"Correo electr\u00f3nico\" value=\"\" type=\"email\" name=\"your-email\" \/><\/span>\n<\/p>\n<p><span class=\"wpcf7-form-control-wrap\" data-name=\"tel-888\"><input size=\"40\" maxlength=\"400\" class=\"wpcf7-form-control wpcf7-tel wpcf7-text wpcf7-validates-as-tel form-control\" aria-invalid=\"false\" placeholder=\"Tel\u00e9fono\" value=\"\" type=\"tel\" name=\"tel-888\" \/><\/span>\n<\/p>\n<p><span class=\"wpcf7-form-control-wrap\" data-name=\"your-subject\"><input size=\"40\" maxlength=\"400\" class=\"wpcf7-form-control wpcf7-text wpcf7-validates-as-required form-control\" aria-required=\"true\" aria-invalid=\"false\" placeholder=\"\u00bfPara qu\u00e9 \u00e1rea est\u00e1s solicitando?\" value=\"\" type=\"text\" name=\"your-subject\" \/><\/span>\n<\/p>\n<p><span class=\"wpcf7-form-control-wrap\" data-name=\"your-message\"><textarea cols=\"40\" rows=\"10\" maxlength=\"2000\" class=\"wpcf7-form-control wpcf7-textarea form-control\" aria-invalid=\"false\" placeholder=\"H\u00e1blanos un poco sobre ti.\" name=\"your-message\"><\/textarea><\/span>\n<\/p>\n<p><span class=\"wpcf7-form-control-wrap\" data-name=\"your-file\"><input size=\"40\" class=\"wpcf7-form-control wpcf7-file\" accept=\"image\/*,.txt,.pdf\" aria-invalid=\"false\" type=\"file\" name=\"your-file\" \/><\/span>\n<\/p>\n<p><span class=\"wpcf7-form-control-wrap\" data-name=\"your-consent\"><span class=\"wpcf7-form-control wpcf7-acceptance\"><span class=\"wpcf7-list-item\"><label><input type=\"checkbox\" name=\"your-consent\" value=\"1\" aria-invalid=\"false\" \/><span class=\"wpcf7-list-item-label\">He le\u00eddo y acepto la  <a href=\"https:\/\/globaltendas.com\/es\/politica-general-de-seguridad-y-privacidad\/\">Pol\u00edtica General de Seguridad y Privacidad<\/a> de GlobalTendas.<\/span><\/label><\/span><\/span><\/span>\n<\/p>\n<p><input class=\"wpcf7-form-control wpcf7-submit has-spinner\" type=\"submit\" value=\"SUBMIT\" \/>\n<\/p><div class=\"wpcf7-response-output\" aria-hidden=\"true\"><\/div>\n<\/form>\n<\/div>\n[vc_empty_space height=\u00bb40px\u00bb][vc_video link=\u00bbhttps:\/\/www.youtube.com\/watch?v=EUz60YPhYyU\u00bb][\/vc_column][\/vc_row][vc_row content_width=\u00bbgrid\u00bb css=\u00bb.vc_custom_1646230015988{margin-top: 120px !important;margin-bottom: 120px !important;}\u00bb][vc_column width=\u00bb1\/4&#8243;][\/vc_column][vc_column width=\u00bb1\/4&#8243;][\/vc_column][vc_column width=\u00bb1\/4&#8243;][\/vc_column][vc_column width=\u00bb1\/4&#8243;][\/vc_column][\/vc_row]<\/p>\n","protected":false},"excerpt":{"rendered":"<p>[vc_row content_width=\u00bbgrid\u00bb css=\u00bb.vc_custom_1646230015988{margin-top: 120px !important;margin-bottom: 120px !important;}\u00bb][vc_column offset=\u00bbvc_col-xs-12&#8243;][vc_column_text] \u00danase a nuestro equipo y ay\u00fadenos a hacer realidad los sue\u00f1os. [\/vc_column_text][vc_empty_space][vc_column_text]En GlobalTendas, buscamos talentos excepcionales que quieran formar parte de una empresa l\u00edder en el sector de eventos y estructuras temporales. Si es apasionado por el&#8230;<\/p>\n","protected":false},"author":2,"featured_media":0,"parent":0,"menu_order":0,"comment_status":"closed","ping_status":"closed","template":"full-width.php","meta":{"inline_featured_image":false,"_joinchat":[],"footnotes":""},"class_list":["post-15522","page","type-page","status-publish","hentry"],"acf":[],"_links":{"self":[{"href":"https:\/\/globaltendas.com\/es\/wp-json\/wp\/v2\/pages\/15522","targetHints":{"allow":["GET"]}}],"collection":[{"href":"https:\/\/globaltendas.com\/es\/wp-json\/wp\/v2\/pages"}],"about":[{"href":"https:\/\/globaltendas.com\/es\/wp-json\/wp\/v2\/types\/page"}],"author":[{"embeddable":true,"href":"https:\/\/globaltendas.com\/es\/wp-json\/wp\/v2\/users\/2"}],"replies":[{"embeddable":true,"href":"https:\/\/globaltendas.com\/es\/wp-json\/wp\/v2\/comments?post=15522"}],"version-history":[{"count":4,"href":"https:\/\/globaltendas.com\/es\/wp-json\/wp\/v2\/pages\/15522\/revisions"}],"predecessor-version":[{"id":15529,"href":"https:\/\/globaltendas.com\/es\/wp-json\/wp\/v2\/pages\/15522\/revisions\/15529"}],"wp:attachment":[{"href":"https:\/\/globaltendas.com\/es\/wp-json\/wp\/v2\/media?parent=15522"}],"curies":[{"name":"wp","href":"https:\/\/api.w.org\/{rel}","templated":true}]}}