{"id":15517,"date":"2022-02-17T15:18:55","date_gmt":"2022-02-17T15:18:55","guid":{"rendered":"https:\/\/www.globaltendas.com\/politica-geral-de-seguranca-e-privacidade\/"},"modified":"2023-09-26T08:42:50","modified_gmt":"2023-09-26T08:42:50","slug":"politica-general-de-seguridad-y-privacidad","status":"publish","type":"page","link":"https:\/\/globaltendas.com\/es\/politica-general-de-seguridad-y-privacidad\/","title":{"rendered":"Pol\u00edtica General de Seguridad y Privacidad"},"content":{"rendered":"\r\n<h2 class=\"wp-block-heading\">\u00a0<\/h2>\r\n\r\n\r\n\r\n<p>La protecci\u00f3n de la privacidad y de los datos personales es una prioridad para GlobalTendas y un compromiso claro asumido por nosotros.<br \/>Este documento presenta la pol\u00edtica de privacidad de nuestro <em>sitio web<\/em> y tiene como objetivo proporcionarle informaci\u00f3n adicional sobre la naturaleza y el uso que hacemos de los datos personales que nos proporciona, as\u00ed como sobre sus derechos.<\/p>\r\n\r\n\r\n\r\n<p><strong>Responsable del Tratamiento de Datos<\/strong><\/p>\r\n\r\n\r\n\r\n<p>Toda la informaci\u00f3n recopilada en este <em>sitio web<\/em> se trata exclusivamente por GlobalTendas, ubicada en Av. Eng\u00ba Jos\u00e9 Rolo P1B, 4705-414 Celeir\u00f3s, Braga.<\/p>\r\n\r\n\r\n\r\n<p><strong>Finalidades del Tratamiento<\/strong><\/p>\r\n\r\n\r\n\r\n<p>1) Respuesta a solicitudes de informaci\u00f3n \/ presupuestos enviadas a trav\u00e9s del Formulario de Contacto;<\/p>\r\n\r\n\r\n\r\n<p>2) Env\u00edo de comunicaciones de <em>marketing<\/em> para presentaci\u00f3n de nuevos productos y servicios, ofertas, noticias, eventos, concursos, entre otros;<\/p>\r\n\r\n\r\n\r\n<p>3) Realizaci\u00f3n de Encuestas de Satisfacci\u00f3n para la mejora continua de nuestros productos y servicios.<\/p>\r\n\r\n\r\n\r\n<p><strong>Destinatarios de los datos<\/strong><\/p>\r\n\r\n\r\n\r\n<p>Los datos recopilados en este <em>sitio web<\/em> tienen como destinatario exclusivamente a GlobalTendas, por lo que no se divulgan a terceros, excepto en raras excepciones en las que por razones legales o judiciales se soliciten.<\/p>\r\n\r\n\r\n\r\n<p><strong>Seguridad y Confidencialidad de los Datos<\/strong><\/p>\r\n\r\n\r\n\r\n<p>GlobalTendas implementa un conjunto de procedimientos de seguridad adecuados para proteger los datos personales de los usuarios, protegiendo el acceso o divulgaci\u00f3n no autorizados.<\/p>\r\n\r\n\r\n\r\n<p><strong>Derechos del Usuario<\/strong><\/p>\r\n\r\n\r\n\r\n<p>En cualquier momento, el usuario puede ejercer sus derechos de acceso, actualizaci\u00f3n, eliminaci\u00f3n, limitaci\u00f3n, oposici\u00f3n y portabilidad, a trav\u00e9s de una solicitud por correo electr\u00f3nico, tel\u00e9fono o correo postal.<\/p>\r\n\r\n\r\n\r\n<p><strong>Cookies<\/strong><\/p>\r\n\r\n\r\n\r\n<p>Las <em>cookies<\/em> permiten mejorar el rendimiento y la experiencia de navegaci\u00f3n de los usuarios, aumentando, por un lado, la rapidez y eficiencia de respuesta y, por otro lado, eliminando la necesidad de introducir repetidamente la misma informaci\u00f3n.<\/p>\r\n\r\n\r\n\r\n<p>La colocaci\u00f3n de <em>cookies<\/em> nos ayuda a reconocer el dispositivo del usuario en la pr\u00f3xima visita, y a menudo es esencial para su funcionamiento.<\/p>\r\n\r\n\r\n\r\n<p>Las <em>cookies<\/em> utilizadas por GlobalTendas no recopilan informaci\u00f3n personal que permita identificar al usuario, solo almacenan informaci\u00f3n gen\u00e9rica, como la regi\u00f3n\/ciudad de acceso, entre otros.<\/p>\r\n\r\n\r\n\r\n<p>Las <em>cookies<\/em> utilizadas en el <em>sitio web<\/em> de GlobalTendas son las siguientes:<\/p>\r\n\r\n\r\n\r\n<ul class=\"wp-block-list\">\r\n<li>Esenciales: necesarias para la navegaci\u00f3n en el <em>sitio web;<\/em><\/li>\r\n<li>Anal\u00edticas: necesarias para recopilar informaci\u00f3n para el an\u00e1lisis estad\u00edstico de la navegaci\u00f3n y el uso del <em>sitio web<\/em>;<\/li>\r\n<li>Rendimiento: necesarias para supervisar la experiencia de uso del <em>sitio web<\/em>.<\/li>\r\n<\/ul>\r\n\r\n\r\n\r\n<p><strong>Contactos<\/strong><\/p>\r\n\r\n\r\n\r\n<p>Si tiene alguna pregunta sobre el tratamiento de sus datos personales o desea ejercer alguno de sus derechos, cont\u00e1ctenos a trav\u00e9s de los siguientes medios:<\/p>\r\n\r\n\r\n\r\n<ul class=\"wp-block-list\">\r\n<li>Tel\u00e9fono: +351 253 233 020<\/li>\r\n<li><em>Correo electr\u00f3nico<\/em>: info@globaltendas.com<\/li>\r\n<li>Correo postal: Av. Eng\u00ba Jos\u00e9 Rolo P1B, 4705-414 Celeir\u00f3s, Braga.<\/li>\r\n<\/ul>\r\n\r\n\r\n\r\n<p><strong class=\"privacy-policy-tutorial\">\u00daltima Actualizaci\u00f3n: 05\/04\/2022<\/strong><\/p>\r\n","protected":false},"excerpt":{"rendered":"<p>\u00a0 La protecci\u00f3n de la privacidad y de los datos personales es una prioridad para GlobalTendas y un compromiso claro asumido por nosotros.Este documento presenta la pol\u00edtica de privacidad de nuestro sitio web y tiene como objetivo proporcionarle informaci\u00f3n adicional sobre la naturaleza y el&#8230;<\/p>\n","protected":false},"author":1,"featured_media":0,"parent":0,"menu_order":0,"comment_status":"closed","ping_status":"closed","template":"","meta":{"inline_featured_image":false,"_joinchat":[],"footnotes":""},"class_list":["post-15517","page","type-page","status-publish","hentry"],"acf":[],"_links":{"self":[{"href":"https:\/\/globaltendas.com\/es\/wp-json\/wp\/v2\/pages\/15517","targetHints":{"allow":["GET"]}}],"collection":[{"href":"https:\/\/globaltendas.com\/es\/wp-json\/wp\/v2\/pages"}],"about":[{"href":"https:\/\/globaltendas.com\/es\/wp-json\/wp\/v2\/types\/page"}],"author":[{"embeddable":true,"href":"https:\/\/globaltendas.com\/es\/wp-json\/wp\/v2\/users\/1"}],"replies":[{"embeddable":true,"href":"https:\/\/globaltendas.com\/es\/wp-json\/wp\/v2\/comments?post=15517"}],"version-history":[{"count":4,"href":"https:\/\/globaltendas.com\/es\/wp-json\/wp\/v2\/pages\/15517\/revisions"}],"predecessor-version":[{"id":15520,"href":"https:\/\/globaltendas.com\/es\/wp-json\/wp\/v2\/pages\/15517\/revisions\/15520"}],"wp:attachment":[{"href":"https:\/\/globaltendas.com\/es\/wp-json\/wp\/v2\/media?parent=15517"}],"curies":[{"name":"wp","href":"https:\/\/api.w.org\/{rel}","templated":true}]}}